{"id":31,"date":"2024-08-19T16:59:51","date_gmt":"2024-08-19T14:59:51","guid":{"rendered":"https:\/\/medi2024.medi-site.fr\/medi2024\/?page_id=31"},"modified":"2024-09-06T10:56:19","modified_gmt":"2024-09-06T08:56:19","slug":"la-veille-du-medi","status":"publish","type":"page","link":"https:\/\/medi2024.medi-site.fr\/medi2024\/la-veille-du-medi\/","title":{"rendered":"La Veille du MEDI"},"content":{"rendered":"<p>[et_pb_section fb_built=\u00a0\u00bb1&Prime; _builder_version=\u00a0\u00bb4.27.0&Prime; _module_preset=\u00a0\u00bbdefault\u00a0\u00bb global_colors_info=\u00a0\u00bb{}\u00a0\u00bb][et_pb_row column_structure=\u00a0\u00bb1_3,1_3,1_3&Prime; _builder_version=\u00a0\u00bb4.27.0&Prime; _module_preset=\u00a0\u00bbdefault\u00a0\u00bb global_colors_info=\u00a0\u00bb{}\u00a0\u00bb][et_pb_column type=\u00a0\u00bb1_3&Prime; _builder_version=\u00a0\u00bb4.27.0&Prime; _module_preset=\u00a0\u00bbdefault\u00a0\u00bb global_colors_info=\u00a0\u00bb{}\u00a0\u00bb][et_pb_blurb title=\u00a0\u00bbSELON LA BAFIN, LA DEUTSCHE BANK A BAFOUE LES REGLES COMPTABLES INTERNATIONALES\u00a0\u00bb image=\u00a0\u00bbhttps:\/\/medi2024.medi-site.fr\/medi2024\/wp-content\/uploads\/2024\/09\/bandeau-haut-page-breve-abonnes.jpg\u00a0\u00bb _builder_version=\u00a0\u00bb4.27.0&Prime; _module_preset=\u00a0\u00bbdefault\u00a0\u00bb header_font=\u00a0\u00bb|800|||||||\u00a0\u00bb header_text_align=\u00a0\u00bbcenter\u00a0\u00bb header_text_color=\u00a0\u00bb#52ABD9&Prime; header_font_size=\u00a0\u00bb18px\u00a0\u00bb body_text_align=\u00a0\u00bbjustify\u00a0\u00bb custom_margin=\u00a0\u00bb||||false|false\u00a0\u00bb custom_padding=\u00a0\u00bb||||false|false\u00a0\u00bb hover_enabled=\u00a0\u00bb0&Prime; border_radii=\u00a0\u00bboff||||\u00a0\u00bb global_colors_info=\u00a0\u00bb{}\u00a0\u00bb theme_builder_area=\u00a0\u00bbpost_content\u00a0\u00bb title_text=\u00a0\u00bbbandeau-haut-page-breve-abonnes\u00a0\u00bb sticky_enabled=\u00a0\u00bb0&Prime;]<\/p>\n<p><strong>La BaFin a d\u00e9clar\u00e9 que la DB n\u2019avait pas r\u00e9v\u00e9l\u00e9 dans son rapport financier 2019 que 2,1 milliards d\u2019euros d\u2019actifs d\u2019imp\u00f4ts diff\u00e9r\u00e9s \u00e9taient li\u00e9s \u00e0 des pertes pluriannuelles historiques de la banque aux Etats-Unis. Deutsche Bank n\u2019a pas non plus expliqu\u00e9 dans ce rapport annuel comment elle comptait g\u00e9n\u00e9rer des b\u00e9n\u00e9fices futurs aux USA pour compenser ces pertes \u2013 information l\u00e9galement requise par les r\u00e8gles IFRS.<\/strong><br \/>Cette d\u00e9cision refl\u00e8te une position beaucoup plus ferme des r\u00e9gulateurs allemands sur l\u2019application des normes comptables \u00e0 la suite de la fraude Wirecard, l\u2019un des plus gros scandales comptables de l\u2019apr\u00e8s-guerre en Europe.<\/p>\n<p>[\/et_pb_blurb][et_pb_image src=\u00a0\u00bbhttps:\/\/medi2024.medi-site.fr\/medi2024\/wp-content\/uploads\/2024\/09\/bandeau-bas-page-breve.jpg\u00a0\u00bb title_text=\u00a0\u00bbbandeau-bas-page-breve\u00a0\u00bb _builder_version=\u00a0\u00bb4.27.0&Prime; _module_preset=\u00a0\u00bbdefault\u00a0\u00bb border_radii=\u00a0\u00bboff|||20px|\u00a0\u00bb global_colors_info=\u00a0\u00bb{}\u00a0\u00bb theme_builder_area=\u00a0\u00bbpost_content\u00a0\u00bb][\/et_pb_image][\/et_pb_column][et_pb_column type=\u00a0\u00bb1_3&Prime; _builder_version=\u00a0\u00bb4.27.0&Prime; _module_preset=\u00a0\u00bbdefault\u00a0\u00bb global_colors_info=\u00a0\u00bb{}\u00a0\u00bb][et_pb_blurb title=\u00a0\u00bbSELON LA BAFIN, LA DEUTSCHE BANK A BAFOUE LES REGLES COMPTABLES INTERNATIONALES\u00a0\u00bb image=\u00a0\u00bbhttps:\/\/medi2024.medi-site.fr\/medi2024\/wp-content\/uploads\/2024\/09\/bandeau-haut-page-breve-gratuite.jpg\u00a0\u00bb _builder_version=\u00a0\u00bb4.27.0&Prime; _module_preset=\u00a0\u00bbdefault\u00a0\u00bb header_font=\u00a0\u00bb|800|||||||\u00a0\u00bb header_text_align=\u00a0\u00bbcenter\u00a0\u00bb header_text_color=\u00a0\u00bb#52ABD9&Prime; header_font_size=\u00a0\u00bb18px\u00a0\u00bb body_text_align=\u00a0\u00bbjustify\u00a0\u00bb custom_margin=\u00a0\u00bb||||false|false\u00a0\u00bb custom_padding=\u00a0\u00bb||||false|false\u00a0\u00bb hover_enabled=\u00a0\u00bb0&Prime; border_radii=\u00a0\u00bboff||||\u00a0\u00bb global_colors_info=\u00a0\u00bb{}\u00a0\u00bb title_text=\u00a0\u00bbbandeau-haut-page-breve-gratuite\u00a0\u00bb sticky_enabled=\u00a0\u00bb0&Prime;]<\/p>\n<p><strong>La BaFin a d\u00e9clar\u00e9 que la DB n\u2019avait pas r\u00e9v\u00e9l\u00e9 dans son rapport financier 2019 que 2,1 milliards d\u2019euros d\u2019actifs d\u2019imp\u00f4ts diff\u00e9r\u00e9s \u00e9taient li\u00e9s \u00e0 des pertes pluriannuelles historiques de la banque aux Etats-Unis. Deutsche Bank n\u2019a pas non plus expliqu\u00e9 dans ce rapport annuel comment elle comptait g\u00e9n\u00e9rer des b\u00e9n\u00e9fices futurs aux USA pour compenser ces pertes \u2013 information l\u00e9galement requise par les r\u00e8gles IFRS.<\/strong><br \/>Cette d\u00e9cision refl\u00e8te une position beaucoup plus ferme des r\u00e9gulateurs allemands sur l\u2019application des normes comptables \u00e0 la suite de la fraude Wirecard, l\u2019un des plus gros scandales comptables de l\u2019apr\u00e8s-guerre en Europe.<\/p>\n<p>[\/et_pb_blurb][et_pb_image src=\u00a0\u00bbhttps:\/\/medi2024.medi-site.fr\/medi2024\/wp-content\/uploads\/2024\/09\/bandeau-bas-page-breve.jpg\u00a0\u00bb title_text=\u00a0\u00bbbandeau-bas-page-breve\u00a0\u00bb _builder_version=\u00a0\u00bb4.27.0&Prime; _module_preset=\u00a0\u00bbdefault\u00a0\u00bb hover_enabled=\u00a0\u00bb0&Prime; border_radii=\u00a0\u00bboff|||20px|\u00a0\u00bb global_colors_info=\u00a0\u00bb{}\u00a0\u00bb sticky_enabled=\u00a0\u00bb0&Prime;][\/et_pb_image][\/et_pb_column][et_pb_column type=\u00a0\u00bb1_3&Prime; _builder_version=\u00a0\u00bb4.27.0&Prime; _module_preset=\u00a0\u00bbdefault\u00a0\u00bb global_colors_info=\u00a0\u00bb{}\u00a0\u00bb][et_pb_blurb title=\u00a0\u00bbSELON LA BAFIN, LA DEUTSCHE BANK A BAFOUE LES REGLES COMPTABLES INTERNATIONALES\u00a0\u00bb image=\u00a0\u00bbhttps:\/\/medi2024.medi-site.fr\/medi2024\/wp-content\/uploads\/2024\/09\/bandeau-haut-page-breve-abonnes.jpg\u00a0\u00bb _builder_version=\u00a0\u00bb4.27.0&Prime; _module_preset=\u00a0\u00bbdefault\u00a0\u00bb header_font=\u00a0\u00bb|800|||||||\u00a0\u00bb header_text_align=\u00a0\u00bbcenter\u00a0\u00bb header_text_color=\u00a0\u00bb#52ABD9&Prime; header_font_size=\u00a0\u00bb18px\u00a0\u00bb body_text_align=\u00a0\u00bbjustify\u00a0\u00bb custom_margin=\u00a0\u00bb||||false|false\u00a0\u00bb custom_padding=\u00a0\u00bb||||false|false\u00a0\u00bb border_radii=\u00a0\u00bboff||||\u00a0\u00bb global_colors_info=\u00a0\u00bb{}\u00a0\u00bb theme_builder_area=\u00a0\u00bbpost_content\u00a0\u00bb]<\/p>\n<p><strong>La BaFin a d\u00e9clar\u00e9 que la DB n\u2019avait pas r\u00e9v\u00e9l\u00e9 dans son rapport financier 2019 que 2,1 milliards d\u2019euros d\u2019actifs d\u2019imp\u00f4ts diff\u00e9r\u00e9s \u00e9taient li\u00e9s \u00e0 des pertes pluriannuelles historiques de la banque aux Etats-Unis. Deutsche Bank n\u2019a pas non plus expliqu\u00e9 dans ce rapport annuel comment elle comptait g\u00e9n\u00e9rer des b\u00e9n\u00e9fices futurs aux USA pour compenser ces pertes \u2013 information l\u00e9galement requise par les r\u00e8gles IFRS.<\/strong><br \/>Cette d\u00e9cision refl\u00e8te une position beaucoup plus ferme des r\u00e9gulateurs allemands sur l\u2019application des normes comptables \u00e0 la suite de la fraude Wirecard, l\u2019un des plus gros scandales comptables de l\u2019apr\u00e8s-guerre en Europe.<\/p>\n<p>[\/et_pb_blurb][et_pb_image src=\u00a0\u00bbhttps:\/\/medi2024.medi-site.fr\/medi2024\/wp-content\/uploads\/2024\/09\/bandeau-bas-page-breve.jpg\u00a0\u00bb title_text=\u00a0\u00bbbandeau-bas-page-breve\u00a0\u00bb _builder_version=\u00a0\u00bb4.27.0&Prime; _module_preset=\u00a0\u00bbdefault\u00a0\u00bb border_radii=\u00a0\u00bboff|||20px|\u00a0\u00bb global_colors_info=\u00a0\u00bb{}\u00a0\u00bb theme_builder_area=\u00a0\u00bbpost_content\u00a0\u00bb][\/et_pb_image][\/et_pb_column][\/et_pb_row][et_pb_row _builder_version=\u00a0\u00bb4.27.0&Prime; _module_preset=\u00a0\u00bbdefault\u00a0\u00bb column_structure=\u00a0\u00bb1_3,1_3,1_3&Prime;][et_pb_column _builder_version=\u00a0\u00bb4.27.0&Prime; _module_preset=\u00a0\u00bbdefault\u00a0\u00bb type=\u00a0\u00bb1_3&Prime;][et_pb_blurb title=\u00a0\u00bbSELON LA BAFIN, LA DEUTSCHE BANK A BAFOUE LES REGLES COMPTABLES INTERNATIONALES\u00a0\u00bb image=\u00a0\u00bbhttps:\/\/medi2024.medi-site.fr\/medi2024\/wp-content\/uploads\/2024\/09\/bandeau-haut-page-breve-abonnes.jpg\u00a0\u00bb _builder_version=\u00a0\u00bb4.27.0&Prime; _module_preset=\u00a0\u00bbdefault\u00a0\u00bb header_font=\u00a0\u00bb|800|||||||\u00a0\u00bb header_text_align=\u00a0\u00bbcenter\u00a0\u00bb header_text_color=\u00a0\u00bb#52ABD9&Prime; header_font_size=\u00a0\u00bb18px\u00a0\u00bb body_text_align=\u00a0\u00bbjustify\u00a0\u00bb custom_margin=\u00a0\u00bb||||false|false\u00a0\u00bb custom_padding=\u00a0\u00bb||||false|false\u00a0\u00bb border_radii=\u00a0\u00bboff||||\u00a0\u00bb global_colors_info=\u00a0\u00bb{}\u00a0\u00bb theme_builder_area=\u00a0\u00bbpost_content\u00a0\u00bb]<\/p>\n<p><strong>La BaFin a d\u00e9clar\u00e9 que la DB n\u2019avait pas r\u00e9v\u00e9l\u00e9 dans son rapport financier 2019 que 2,1 milliards d\u2019euros d\u2019actifs d\u2019imp\u00f4ts diff\u00e9r\u00e9s \u00e9taient li\u00e9s \u00e0 des pertes pluriannuelles historiques de la banque aux Etats-Unis. Deutsche Bank n\u2019a pas non plus expliqu\u00e9 dans ce rapport annuel comment elle comptait g\u00e9n\u00e9rer des b\u00e9n\u00e9fices futurs aux USA pour compenser ces pertes \u2013 information l\u00e9galement requise par les r\u00e8gles IFRS.<\/strong><br \/>Cette d\u00e9cision refl\u00e8te une position beaucoup plus ferme des r\u00e9gulateurs allemands sur l\u2019application des normes comptables \u00e0 la suite de la fraude Wirecard, l\u2019un des plus gros scandales comptables de l\u2019apr\u00e8s-guerre en Europe.<\/p>\n<p>[\/et_pb_blurb][et_pb_image src=\u00a0\u00bbhttps:\/\/medi2024.medi-site.fr\/medi2024\/wp-content\/uploads\/2024\/09\/bandeau-bas-page-breve.jpg\u00a0\u00bb title_text=\u00a0\u00bbbandeau-bas-page-breve\u00a0\u00bb _builder_version=\u00a0\u00bb4.27.0&Prime; _module_preset=\u00a0\u00bbdefault\u00a0\u00bb border_radii=\u00a0\u00bboff|||20px|\u00a0\u00bb global_colors_info=\u00a0\u00bb{}\u00a0\u00bb theme_builder_area=\u00a0\u00bbpost_content\u00a0\u00bb][\/et_pb_image][\/et_pb_column][et_pb_column _builder_version=\u00a0\u00bb4.27.0&Prime; _module_preset=\u00a0\u00bbdefault\u00a0\u00bb type=\u00a0\u00bb1_3&Prime;][et_pb_blurb title=\u00a0\u00bbSELON LA BAFIN, LA DEUTSCHE BANK A BAFOUE LES REGLES COMPTABLES INTERNATIONALES\u00a0\u00bb image=\u00a0\u00bbhttps:\/\/medi2024.medi-site.fr\/medi2024\/wp-content\/uploads\/2024\/09\/bandeau-haut-page-breve-gratuite.jpg\u00a0\u00bb _builder_version=\u00a0\u00bb4.27.0&Prime; _module_preset=\u00a0\u00bbdefault\u00a0\u00bb header_font=\u00a0\u00bb|800|||||||\u00a0\u00bb header_text_align=\u00a0\u00bbcenter\u00a0\u00bb header_text_color=\u00a0\u00bb#52ABD9&Prime; header_font_size=\u00a0\u00bb18px\u00a0\u00bb body_text_align=\u00a0\u00bbjustify\u00a0\u00bb custom_margin=\u00a0\u00bb||||false|false\u00a0\u00bb custom_padding=\u00a0\u00bb||||false|false\u00a0\u00bb border_radii=\u00a0\u00bboff||||\u00a0\u00bb global_colors_info=\u00a0\u00bb{}\u00a0\u00bb theme_builder_area=\u00a0\u00bbpost_content\u00a0\u00bb]<\/p>\n<p><strong>La BaFin a d\u00e9clar\u00e9 que la DB n\u2019avait pas r\u00e9v\u00e9l\u00e9 dans son rapport financier 2019 que 2,1 milliards d\u2019euros d\u2019actifs d\u2019imp\u00f4ts diff\u00e9r\u00e9s \u00e9taient li\u00e9s \u00e0 des pertes pluriannuelles historiques de la banque aux Etats-Unis. Deutsche Bank n\u2019a pas non plus expliqu\u00e9 dans ce rapport annuel comment elle comptait g\u00e9n\u00e9rer des b\u00e9n\u00e9fices futurs aux USA pour compenser ces pertes \u2013 information l\u00e9galement requise par les r\u00e8gles IFRS.<\/strong><br \/>Cette d\u00e9cision refl\u00e8te une position beaucoup plus ferme des r\u00e9gulateurs allemands sur l\u2019application des normes comptables \u00e0 la suite de la fraude Wirecard, l\u2019un des plus gros scandales comptables de l\u2019apr\u00e8s-guerre en Europe.<\/p>\n<p>[\/et_pb_blurb][et_pb_image src=\u00a0\u00bbhttps:\/\/medi2024.medi-site.fr\/medi2024\/wp-content\/uploads\/2024\/09\/bandeau-bas-page-breve.jpg\u00a0\u00bb title_text=\u00a0\u00bbbandeau-bas-page-breve\u00a0\u00bb _builder_version=\u00a0\u00bb4.27.0&Prime; _module_preset=\u00a0\u00bbdefault\u00a0\u00bb border_radii=\u00a0\u00bboff|||20px|\u00a0\u00bb global_colors_info=\u00a0\u00bb{}\u00a0\u00bb theme_builder_area=\u00a0\u00bbpost_content\u00a0\u00bb][\/et_pb_image][\/et_pb_column][et_pb_column _builder_version=\u00a0\u00bb4.27.0&Prime; _module_preset=\u00a0\u00bbdefault\u00a0\u00bb type=\u00a0\u00bb1_3&Prime;][et_pb_blurb title=\u00a0\u00bbSELON LA BAFIN, LA DEUTSCHE BANK A BAFOUE LES REGLES COMPTABLES INTERNATIONALES\u00a0\u00bb image=\u00a0\u00bbhttps:\/\/medi2024.medi-site.fr\/medi2024\/wp-content\/uploads\/2024\/09\/bandeau-haut-page-breve-abonnes.jpg\u00a0\u00bb _builder_version=\u00a0\u00bb4.27.0&Prime; _module_preset=\u00a0\u00bbdefault\u00a0\u00bb header_font=\u00a0\u00bb|800|||||||\u00a0\u00bb header_text_align=\u00a0\u00bbcenter\u00a0\u00bb header_text_color=\u00a0\u00bb#52ABD9&Prime; header_font_size=\u00a0\u00bb18px\u00a0\u00bb body_text_align=\u00a0\u00bbjustify\u00a0\u00bb custom_margin=\u00a0\u00bb||||false|false\u00a0\u00bb custom_padding=\u00a0\u00bb||||false|false\u00a0\u00bb border_radii=\u00a0\u00bboff||||\u00a0\u00bb global_colors_info=\u00a0\u00bb{}\u00a0\u00bb theme_builder_area=\u00a0\u00bbpost_content\u00a0\u00bb]<\/p>\n<p><strong>La BaFin a d\u00e9clar\u00e9 que la DB n\u2019avait pas r\u00e9v\u00e9l\u00e9 dans son rapport financier 2019 que 2,1 milliards d\u2019euros d\u2019actifs d\u2019imp\u00f4ts diff\u00e9r\u00e9s \u00e9taient li\u00e9s \u00e0 des pertes pluriannuelles historiques de la banque aux Etats-Unis. Deutsche Bank n\u2019a pas non plus expliqu\u00e9 dans ce rapport annuel comment elle comptait g\u00e9n\u00e9rer des b\u00e9n\u00e9fices futurs aux USA pour compenser ces pertes \u2013 information l\u00e9galement requise par les r\u00e8gles IFRS.<\/strong><br \/>Cette d\u00e9cision refl\u00e8te une position beaucoup plus ferme des r\u00e9gulateurs allemands sur l\u2019application des normes comptables \u00e0 la suite de la fraude Wirecard, l\u2019un des plus gros scandales comptables de l\u2019apr\u00e8s-guerre en Europe.<\/p>\n<p>[\/et_pb_blurb][et_pb_image src=\u00a0\u00bbhttps:\/\/medi2024.medi-site.fr\/medi2024\/wp-content\/uploads\/2024\/09\/bandeau-bas-page-breve.jpg\u00a0\u00bb title_text=\u00a0\u00bbbandeau-bas-page-breve\u00a0\u00bb _builder_version=\u00a0\u00bb4.27.0&Prime; _module_preset=\u00a0\u00bbdefault\u00a0\u00bb border_radii=\u00a0\u00bboff|||20px|\u00a0\u00bb global_colors_info=\u00a0\u00bb{}\u00a0\u00bb theme_builder_area=\u00a0\u00bbpost_content\u00a0\u00bb][\/et_pb_image][\/et_pb_column][\/et_pb_row][et_pb_row _builder_version=\u00a0\u00bb4.27.0&Prime; _module_preset=\u00a0\u00bbdefault\u00a0\u00bb column_structure=\u00a0\u00bb1_3,1_3,1_3&Prime;][et_pb_column _builder_version=\u00a0\u00bb4.27.0&Prime; _module_preset=\u00a0\u00bbdefault\u00a0\u00bb type=\u00a0\u00bb1_3&Prime;][et_pb_blurb title=\u00a0\u00bbSELON LA BAFIN, LA DEUTSCHE BANK A BAFOUE LES REGLES COMPTABLES INTERNATIONALES\u00a0\u00bb image=\u00a0\u00bbhttps:\/\/medi2024.medi-site.fr\/medi2024\/wp-content\/uploads\/2024\/09\/bandeau-haut-page-breve-abonnes.jpg\u00a0\u00bb _builder_version=\u00a0\u00bb4.27.0&Prime; _module_preset=\u00a0\u00bbdefault\u00a0\u00bb header_font=\u00a0\u00bb|800|||||||\u00a0\u00bb header_text_align=\u00a0\u00bbcenter\u00a0\u00bb header_text_color=\u00a0\u00bb#52ABD9&Prime; header_font_size=\u00a0\u00bb18px\u00a0\u00bb body_text_align=\u00a0\u00bbjustify\u00a0\u00bb custom_margin=\u00a0\u00bb||||false|false\u00a0\u00bb custom_padding=\u00a0\u00bb||||false|false\u00a0\u00bb border_radii=\u00a0\u00bboff||||\u00a0\u00bb global_colors_info=\u00a0\u00bb{}\u00a0\u00bb theme_builder_area=\u00a0\u00bbpost_content\u00a0\u00bb]<\/p>\n<p><strong>La BaFin a d\u00e9clar\u00e9 que la DB n\u2019avait pas r\u00e9v\u00e9l\u00e9 dans son rapport financier 2019 que 2,1 milliards d\u2019euros d\u2019actifs d\u2019imp\u00f4ts diff\u00e9r\u00e9s \u00e9taient li\u00e9s \u00e0 des pertes pluriannuelles historiques de la banque aux Etats-Unis. Deutsche Bank n\u2019a pas non plus expliqu\u00e9 dans ce rapport annuel comment elle comptait g\u00e9n\u00e9rer des b\u00e9n\u00e9fices futurs aux USA pour compenser ces pertes \u2013 information l\u00e9galement requise par les r\u00e8gles IFRS.<\/strong><br \/>Cette d\u00e9cision refl\u00e8te une position beaucoup plus ferme des r\u00e9gulateurs allemands sur l\u2019application des normes comptables \u00e0 la suite de la fraude Wirecard, l\u2019un des plus gros scandales comptables de l\u2019apr\u00e8s-guerre en Europe.<\/p>\n<p>[\/et_pb_blurb][et_pb_image src=\u00a0\u00bbhttps:\/\/medi2024.medi-site.fr\/medi2024\/wp-content\/uploads\/2024\/09\/bandeau-bas-page-breve.jpg\u00a0\u00bb title_text=\u00a0\u00bbbandeau-bas-page-breve\u00a0\u00bb _builder_version=\u00a0\u00bb4.27.0&Prime; _module_preset=\u00a0\u00bbdefault\u00a0\u00bb border_radii=\u00a0\u00bboff|||20px|\u00a0\u00bb global_colors_info=\u00a0\u00bb{}\u00a0\u00bb theme_builder_area=\u00a0\u00bbpost_content\u00a0\u00bb][\/et_pb_image][\/et_pb_column][et_pb_column _builder_version=\u00a0\u00bb4.27.0&Prime; _module_preset=\u00a0\u00bbdefault\u00a0\u00bb type=\u00a0\u00bb1_3&Prime;][\/et_pb_column][et_pb_column _builder_version=\u00a0\u00bb4.27.0&Prime; _module_preset=\u00a0\u00bbdefault\u00a0\u00bb type=\u00a0\u00bb1_3&Prime;][\/et_pb_column][\/et_pb_row][\/et_pb_section]<\/p>\n","protected":false},"excerpt":{"rendered":"<p>La BaFin a d\u00e9clar\u00e9 que la DB n\u2019avait pas r\u00e9v\u00e9l\u00e9 dans son rapport financier 2019 que 2,1 milliards d\u2019euros d\u2019actifs d\u2019imp\u00f4ts diff\u00e9r\u00e9s \u00e9taient li\u00e9s \u00e0 des pertes pluriannuelles historiques de la banque aux Etats-Unis. Deutsche Bank n\u2019a pas non plus expliqu\u00e9 dans ce rapport annuel comment elle comptait g\u00e9n\u00e9rer des b\u00e9n\u00e9fices futurs aux USA pour [&hellip;]<\/p>\n","protected":false},"author":1,"featured_media":0,"parent":0,"menu_order":0,"comment_status":"closed","ping_status":"closed","template":"","meta":{"_et_pb_use_builder":"on","_et_pb_old_content":"","_et_gb_content_width":"","footnotes":""},"class_list":["post-31","page","type-page","status-publish","hentry"],"_links":{"self":[{"href":"https:\/\/medi2024.medi-site.fr\/medi2024\/wp-json\/wp\/v2\/pages\/31","targetHints":{"allow":["GET"]}}],"collection":[{"href":"https:\/\/medi2024.medi-site.fr\/medi2024\/wp-json\/wp\/v2\/pages"}],"about":[{"href":"https:\/\/medi2024.medi-site.fr\/medi2024\/wp-json\/wp\/v2\/types\/page"}],"author":[{"embeddable":true,"href":"https:\/\/medi2024.medi-site.fr\/medi2024\/wp-json\/wp\/v2\/users\/1"}],"replies":[{"embeddable":true,"href":"https:\/\/medi2024.medi-site.fr\/medi2024\/wp-json\/wp\/v2\/comments?post=31"}],"version-history":[{"count":9,"href":"https:\/\/medi2024.medi-site.fr\/medi2024\/wp-json\/wp\/v2\/pages\/31\/revisions"}],"predecessor-version":[{"id":150,"href":"https:\/\/medi2024.medi-site.fr\/medi2024\/wp-json\/wp\/v2\/pages\/31\/revisions\/150"}],"wp:attachment":[{"href":"https:\/\/medi2024.medi-site.fr\/medi2024\/wp-json\/wp\/v2\/media?parent=31"}],"curies":[{"name":"wp","href":"https:\/\/api.w.org\/{rel}","templated":true}]}}